{"id":128,"date":"2018-08-27T12:15:55","date_gmt":"2018-08-27T12:15:55","guid":{"rendered":"https:\/\/tubadilek.com\/index.php\/about\/"},"modified":"2024-04-17T12:21:46","modified_gmt":"2024-04-17T09:21:46","slug":"about","status":"publish","type":"page","link":"https:\/\/tubadilek.com\/index.php\/about\/","title":{"rendered":"About"},"content":{"rendered":"\t\t<div data-elementor-type=\"wp-post\" data-elementor-id=\"128\" class=\"elementor elementor-128\">\n\t\t\t\t\t\t\t\t\t<section class=\"elementor-section elementor-top-section elementor-element elementor-element-6e99129 elementor-section-content-middle elementor-section-boxed elementor-section-height-default elementor-section-height-default\" data-id=\"6e99129\" data-element_type=\"section\" data-settings=\"{&quot;background_background&quot;:&quot;classic&quot;}\">\n\t\t\t\t\t\t\t<div class=\"elementor-background-overlay\"><\/div>\n\t\t\t\t\t\t\t<div class=\"elementor-container elementor-column-gap-no\">\n\t\t\t\t\t<div class=\"elementor-column elementor-col-100 elementor-top-column elementor-element elementor-element-4416359 elementor-invisible\" data-id=\"4416359\" data-element_type=\"column\" data-settings=\"{&quot;animation&quot;:&quot;bounceIn&quot;}\">\n\t\t\t<div class=\"elementor-widget-wrap elementor-element-populated\">\n\t\t\t\t\t\t\t\t<div class=\"elementor-element elementor-element-754968b elementor-widget elementor-widget-heading\" data-id=\"754968b\" data-element_type=\"widget\" data-widget_type=\"heading.default\">\n\t\t\t\t<div class=\"elementor-widget-container\">\n\t\t\t<style>\/*! elementor - v3.13.2 - 11-05-2023 *\/\n.elementor-heading-title{padding:0;margin:0;line-height:1}.elementor-widget-heading .elementor-heading-title[class*=elementor-size-]>a{color:inherit;font-size:inherit;line-height:inherit}.elementor-widget-heading .elementor-heading-title.elementor-size-small{font-size:15px}.elementor-widget-heading .elementor-heading-title.elementor-size-medium{font-size:19px}.elementor-widget-heading .elementor-heading-title.elementor-size-large{font-size:29px}.elementor-widget-heading .elementor-heading-title.elementor-size-xl{font-size:39px}.elementor-widget-heading .elementor-heading-title.elementor-size-xxl{font-size:59px}<\/style><h1 class=\"elementor-heading-title elementor-size-default\">HAKKIMDA<\/h1>\t\t<\/div>\n\t\t\t\t<\/div>\n\t\t\t\t\t<\/div>\n\t\t<\/div>\n\t\t\t\t\t\t\t<\/div>\n\t\t<\/section>\n\t\t\t\t<section class=\"elementor-section elementor-top-section elementor-element elementor-element-6785f070 elementor-section-content-middle elementor-section-boxed elementor-section-height-default elementor-section-height-default\" data-id=\"6785f070\" data-element_type=\"section\" data-settings=\"{&quot;background_background&quot;:&quot;classic&quot;}\">\n\t\t\t\t\t\t<div class=\"elementor-container elementor-column-gap-no\">\n\t\t\t\t\t<div class=\"elementor-column elementor-col-50 elementor-top-column elementor-element elementor-element-236a079 elementor-invisible\" data-id=\"236a079\" data-element_type=\"column\" data-settings=\"{&quot;animation&quot;:&quot;zoomIn&quot;}\">\n\t\t\t<div class=\"elementor-widget-wrap elementor-element-populated\">\n\t\t\t\t\t\t\t\t<div class=\"elementor-element elementor-element-618cf60d elementor-widget elementor-widget-heading\" data-id=\"618cf60d\" data-element_type=\"widget\" data-widget_type=\"heading.default\">\n\t\t\t\t<div class=\"elementor-widget-container\">\n\t\t\t<h4 class=\"elementor-heading-title elementor-size-default\">Say\u0131n Dan\u0131\u015fan;<\/h4>\t\t<\/div>\n\t\t\t\t<\/div>\n\t\t\t\t<div class=\"elementor-element elementor-element-5aabbfce elementor-widget elementor-widget-text-editor\" data-id=\"5aabbfce\" data-element_type=\"widget\" data-widget_type=\"text-editor.default\">\n\t\t\t\t<div class=\"elementor-widget-container\">\n\t\t\t<style>\/*! elementor - v3.13.2 - 11-05-2023 *\/\n.elementor-widget-text-editor.elementor-drop-cap-view-stacked .elementor-drop-cap{background-color:#69727d;color:#fff}.elementor-widget-text-editor.elementor-drop-cap-view-framed .elementor-drop-cap{color:#69727d;border:3px solid;background-color:transparent}.elementor-widget-text-editor:not(.elementor-drop-cap-view-default) .elementor-drop-cap{margin-top:8px}.elementor-widget-text-editor:not(.elementor-drop-cap-view-default) .elementor-drop-cap-letter{width:1em;height:1em}.elementor-widget-text-editor .elementor-drop-cap{float:left;text-align:center;line-height:1;font-size:50px}.elementor-widget-text-editor .elementor-drop-cap-letter{display:inline-block}<\/style>\t\t\t\t<p>1981 y\u0131l\u0131nda \u00e7ocuk ya\u015fta, aile birle\u015fimi ile Almanya\u2019ya g\u00f6\u00e7 ettim. Temel ve Akademik e\u011fitimlerimin hepsini Almanya\u2019da tamamlad\u0131m.<\/p><p>1993\u2019de sosyal ve sa\u011fl\u0131k hizmetleri meslek y\u00fcksek okulunu bitirdikten sonra Alman devletine ait, Aile Merkezlerinde anaokulu \u00f6\u011fretmeni ve \u00e7ocuk bak\u0131m\u0131 alan\u0131nda i\u015f hayat\u0131ma ba\u015flad\u0131m.<\/p><p>O g\u00fcnden bu g\u00fcne (31.01.2023) 30 y\u0131l de\u011fi\u015fik Aile Merkezlerinde \u00e7al\u0131\u015ft\u0131m. \u0130\u015f hayat\u0131mla beraber ald\u0131\u011f\u0131m e\u011fitimlerle \u00c7ocuk bak\u0131m\u0131, Anaokulu \u00d6\u011fretmeni, E\u011fitimci, Pedagog, Sosyal Pedagog, Uzman Sosyal Pedagog ve Psikolojik Dan\u0131\u015fman olarak meslek hayat\u0131ma devam ettim.<\/p>\t\t\t\t\t\t<\/div>\n\t\t\t\t<\/div>\n\t\t\t\t\t<\/div>\n\t\t<\/div>\n\t\t\t\t<div class=\"elementor-column elementor-col-50 elementor-top-column elementor-element elementor-element-2c9a3eef\" data-id=\"2c9a3eef\" data-element_type=\"column\" data-settings=\"{&quot;background_background&quot;:&quot;classic&quot;}\">\n\t\t\t<div class=\"elementor-widget-wrap elementor-element-populated\">\n\t\t\t\t\t<div class=\"elementor-background-overlay\"><\/div>\n\t\t\t\t\t\t\t\t<div class=\"elementor-element elementor-element-a08fabf elementor-invisible elementor-widget elementor-widget-image\" data-id=\"a08fabf\" data-element_type=\"widget\" data-settings=\"{&quot;_animation&quot;:&quot;fadeInRight&quot;}\" data-widget_type=\"image.default\">\n\t\t\t\t<div class=\"elementor-widget-container\">\n\t\t\t<style>\/*! elementor - v3.13.2 - 11-05-2023 *\/\n.elementor-widget-image{text-align:center}.elementor-widget-image a{display:inline-block}.elementor-widget-image a img[src$=\".svg\"]{width:48px}.elementor-widget-image img{vertical-align:middle;display:inline-block}<\/style>\t\t\t\t\t\t\t\t\t\t\t\t<img loading=\"lazy\" decoding=\"async\" width=\"640\" height=\"480\" src=\"https:\/\/tubadilek.com\/wp-content\/uploads\/2023\/05\/dbf481eb-00f3-495e-abb1-53b3932b81de-1.jpg\" class=\"attachment-full size-full wp-image-838\" alt=\"\" srcset=\"https:\/\/tubadilek.com\/wp-content\/uploads\/2023\/05\/dbf481eb-00f3-495e-abb1-53b3932b81de-1.jpg 640w, https:\/\/tubadilek.com\/wp-content\/uploads\/2023\/05\/dbf481eb-00f3-495e-abb1-53b3932b81de-1-300x225.jpg 300w\" sizes=\"auto, (max-width: 640px) 100vw, 640px\" \/>\t\t\t\t\t\t\t\t\t\t\t\t\t\t\t<\/div>\n\t\t\t\t<\/div>\n\t\t\t\t\t<\/div>\n\t\t<\/div>\n\t\t\t\t\t\t\t<\/div>\n\t\t<\/section>\n\t\t\t\t<section class=\"elementor-section elementor-top-section elementor-element elementor-element-258f1039 elementor-section-boxed elementor-section-height-default elementor-section-height-default\" data-id=\"258f1039\" data-element_type=\"section\">\n\t\t\t\t\t\t\t<div class=\"elementor-background-overlay\"><\/div>\n\t\t\t\t\t\t\t<div class=\"elementor-container elementor-column-gap-no\">\n\t\t\t\t\t<div class=\"elementor-column elementor-col-50 elementor-top-column elementor-element elementor-element-621c72c3 elementor-invisible\" data-id=\"621c72c3\" data-element_type=\"column\" data-settings=\"{&quot;animation&quot;:&quot;bounce&quot;}\">\n\t\t\t<div class=\"elementor-widget-wrap elementor-element-populated\">\n\t\t\t\t\t\t\t\t<div class=\"elementor-element elementor-element-fd1f4be elementor-widget__width-initial elementor-widget elementor-widget-image\" data-id=\"fd1f4be\" data-element_type=\"widget\" data-widget_type=\"image.default\">\n\t\t\t\t<div class=\"elementor-widget-container\">\n\t\t\t\t\t\t\t\t\t\t\t\t\t\t\t<img loading=\"lazy\" decoding=\"async\" width=\"400\" height=\"400\" src=\"https:\/\/tubadilek.com\/wp-content\/uploads\/2023\/05\/school-psych-1.png\" class=\"attachment-large size-large wp-image-840\" alt=\"\" srcset=\"https:\/\/tubadilek.com\/wp-content\/uploads\/2023\/05\/school-psych-1.png 400w, https:\/\/tubadilek.com\/wp-content\/uploads\/2023\/05\/school-psych-1-300x300.png 300w, https:\/\/tubadilek.com\/wp-content\/uploads\/2023\/05\/school-psych-1-150x150.png 150w\" sizes=\"auto, (max-width: 400px) 100vw, 400px\" \/>\t\t\t\t\t\t\t\t\t\t\t\t\t\t\t<\/div>\n\t\t\t\t<\/div>\n\t\t\t\t\t<\/div>\n\t\t<\/div>\n\t\t\t\t<div class=\"elementor-column elementor-col-50 elementor-top-column elementor-element elementor-element-d52030c\" data-id=\"d52030c\" data-element_type=\"column\">\n\t\t\t<div class=\"elementor-widget-wrap elementor-element-populated\">\n\t\t\t\t\t\t\t\t<div class=\"elementor-element elementor-element-1aa32854 elementor-widget elementor-widget-heading\" data-id=\"1aa32854\" data-element_type=\"widget\" data-widget_type=\"heading.default\">\n\t\t\t\t<div class=\"elementor-widget-container\">\n\t\t\t<h4 class=\"elementor-heading-title elementor-size-default\">E\u011fitimlerim;<\/h4>\t\t<\/div>\n\t\t\t\t<\/div>\n\t\t\t\t<div class=\"elementor-element elementor-element-228650a elementor-widget elementor-widget-text-editor\" data-id=\"228650a\" data-element_type=\"widget\" data-widget_type=\"text-editor.default\">\n\t\t\t\t<div class=\"elementor-widget-container\">\n\t\t\t\t\t\t\t<ul><li>1990-1993 \u201cK\u00f6nigstr.GE Sosyal ve Sa\u011flik Hizmetleri Meslek Y\u00fcksek Okulu&#8221; Anaokulu \u00d6\u011fretmeni<\/li><li>2010-2014 \u201ccampus vest\u201d Sosyal Pedagog, Egitimci<\/li><li>2014-2019 \u201cKB Dogal T\u0131p ve Psikoterapi\u201d Psikolojik Dani\u015fman<\/li><li>2014-2015 \u201cKB Dogal T\u0131p ve Psikoterapi\u201d Bili\u015fsel Davrani\u015f Terapisi<\/li><li>2015 \u201cKB Dogal T\u0131p ve Psikoterapi\u201d \u0130leti\u015fim<\/li><li>2015 \u201crebeq\u201d\u00c7ocuklar\u0131n refah\u0131n\u0131n tehlikeye d\u00fc\u015ft\u00fc\u011f\u00fcn\u00fc fark etme<\/li><li>2015-2016 \u201cKB Dogal T\u0131p ve Psikoterapi\u201d Psikopatoloji<\/li><li>2016 \u201cKB Dogal T\u0131p ve Psikoterapi\u201d N.Carl Ransom Rogers\u00e8 g\u00f6re Konu\u015fma Psikoterapisi<\/li><li>2016 \u201cKB Dogal T\u0131p ve Psikoterapi\u201dAnti Stres Masaji<\/li><li>2017 \u201cKB Dogal T\u0131p ve Psikoterapi\u201d Travmaterapi ve Dani\u015fmanlik<\/li><li>2017 \u201cAWO\u201d \u00c7ocuklarda Demokrasi e\u011fitimi<\/li><li>2017 \u201cKiTa.NRW Aile, \u00c7ocuklar, Gen\u00e7lik, K\u00fclt\u00fcr ve Spor Bakanl\u0131g\u0131\u201d Okulda g\u00fcnl\u00fck entegre dil e\u011fitimi ve g\u00f6zlem<\/li><li>2018-2019 \u201cKB Dogal T\u0131p ve Psikoterapi\u201d Aile Dani\u015fmani<\/li><li>2018-2019 \u201cKB Dogal T\u0131p ve Psikoterapi\u201d Aile Terapisi ve Sistematik Terapiler<\/li><li>2019 \u201cSprung Hareketi Pedagojisi\u201d\u00c7ocuklar nas\u0131l bag\u0131ms\u0131z hale gelir<\/li><li>2019 \u201cCaritas\u201d \u00c7ocuklar\u0131n G\u00fcnl\u00fck bak\u0131m\u0131<\/li><li>2020 \u201cHAUS NEULAND\u201d Kre\u015fte K\u0131smi A\u00e7ik Alan \u00c7ali\u015fmas\u0131, G\u00fcnl\u00fck Ya\u015fam, Ekip ve Oda Konsepti<\/li><li>2020-2021 \u201crebeq\u201d Uygulamal\u0131 e\u011fitmenler i\u00e7in ileri e\u011fitim; Sosyal Pedagoji uzmanlar i\u00e7in ek kalifikasyon<\/li><\/ul>\t\t\t\t\t\t<\/div>\n\t\t\t\t<\/div>\n\t\t\t\t\t<\/div>\n\t\t<\/div>\n\t\t\t\t\t\t\t<\/div>\n\t\t<\/section>\n\t\t\t\t<section class=\"elementor-section elementor-top-section elementor-element elementor-element-f59f728 elementor-section-content-middle elementor-section-boxed elementor-section-height-default elementor-section-height-default\" data-id=\"f59f728\" data-element_type=\"section\" data-settings=\"{&quot;background_background&quot;:&quot;classic&quot;}\">\n\t\t\t\t\t\t<div class=\"elementor-container elementor-column-gap-no\">\n\t\t\t\t\t<div class=\"elementor-column elementor-col-50 elementor-top-column elementor-element elementor-element-22da409\" data-id=\"22da409\" data-element_type=\"column\">\n\t\t\t<div class=\"elementor-widget-wrap elementor-element-populated\">\n\t\t\t\t\t\t\t\t<div class=\"elementor-element elementor-element-b67eb8c elementor-widget elementor-widget-heading\" data-id=\"b67eb8c\" data-element_type=\"widget\" data-widget_type=\"heading.default\">\n\t\t\t\t<div class=\"elementor-widget-container\">\n\t\t\t<h4 class=\"elementor-heading-title elementor-size-default\">Say\u0131n Dan\u0131\u015fan;<\/h4>\t\t<\/div>\n\t\t\t\t<\/div>\n\t\t\t\t<div class=\"elementor-element elementor-element-eccba8f elementor-widget elementor-widget-text-editor\" data-id=\"eccba8f\" data-element_type=\"widget\" data-widget_type=\"text-editor.default\">\n\t\t\t\t<div class=\"elementor-widget-container\">\n\t\t\t\t\t\t\t<p>2017 de Psikolojik Dan\u0131\u015fman lisans\u0131m\u0131 ald\u0131ktan sonra, \u00f6zel dan\u0131\u015fmanl\u0131k ofisimi Almanya Gelsenkirchen`de a\u00e7t\u0131m. Aile Merkezlerindeki \u00e7alisma hayat\u0131m\u0131 yar\u0131 zamanl\u0131ya indirdim.\u00a0\u00a0<\/p><p>Sabit ofisim Almanya`dad\u0131r. Dan\u0131\u015fanlar\u0131mla randevulu \u00e7al\u0131\u015fmaktay\u0131m. Her vakit y\u00fcz y\u00fcze olmasada mekandan ba\u011f\u0131ms\u0131z, a\u011f\u0131rl\u0131kl\u0131 online olarak, hafta sonlar\u0131 dahil hizmet vermekteyim.<\/p><p><span style=\"font-style: inherit; font-weight: inherit; color: var( --e-global-color-astglobalcolor6 ); background-color: var( --e-global-color-astglobalcolor5 );\">Her vakit \u201cextrovert\u201d, yani d\u0131\u015fa d\u00f6n\u00fck bir ki\u015filiye sahip oldu\u011fumdan, insanlarla \u00e7al\u0131\u015fmak istedim. Meslek tercihimi de \u00f6yle yapt\u0131m.<\/span><span style=\"font-style: inherit; font-weight: inherit; color: var( --e-global-color-astglobalcolor6 ); background-color: var( --e-global-color-astglobalcolor5 );\">30 y\u0131lda, Sosyal Pedagog ve E\u011fitimci olarak binlerce de\u011fi\u015fik milletlerden ailelerin hayat\u0131na girdim. Bu ailelerden edindi\u011fim te\u00e7r\u00fcbeler sayesinde d\u00fcyadaki milletlerin \u00f6rf, adet ve k\u00fclt\u00fcrlerini \u00f6\u011frendim. Netice? \u201cHangi milletten, renkten, inan\u00e7tan olursa olsun, \u0130NSAN \u0130NSANDIR\u201d. \u00d6nemli olan insana de\u011fer katmakd\u0131r!<\/span><\/p>\t\t\t\t\t\t<\/div>\n\t\t\t\t<\/div>\n\t\t\t\t\t<\/div>\n\t\t<\/div>\n\t\t\t\t<div class=\"elementor-column elementor-col-50 elementor-top-column elementor-element elementor-element-cff4a72\" data-id=\"cff4a72\" data-element_type=\"column\" data-settings=\"{&quot;background_background&quot;:&quot;classic&quot;}\">\n\t\t\t<div class=\"elementor-widget-wrap elementor-element-populated\">\n\t\t\t\t\t<div class=\"elementor-background-overlay\"><\/div>\n\t\t\t\t\t\t\t\t<div class=\"elementor-element elementor-element-f85457b elementor-invisible elementor-widget elementor-widget-image\" data-id=\"f85457b\" data-element_type=\"widget\" data-settings=\"{&quot;_animation&quot;:&quot;bounce&quot;}\" data-widget_type=\"image.default\">\n\t\t\t\t<div class=\"elementor-widget-container\">\n\t\t\t\t\t\t\t\t\t\t\t\t\t\t\t<img loading=\"lazy\" decoding=\"async\" width=\"480\" height=\"480\" src=\"https:\/\/tubadilek.com\/wp-content\/uploads\/2023\/05\/a56f8b41-8809-43d9-85a5-1580aab70e33-1.jpg\" class=\"attachment-full size-full wp-image-836\" alt=\"\" srcset=\"https:\/\/tubadilek.com\/wp-content\/uploads\/2023\/05\/a56f8b41-8809-43d9-85a5-1580aab70e33-1.jpg 480w, https:\/\/tubadilek.com\/wp-content\/uploads\/2023\/05\/a56f8b41-8809-43d9-85a5-1580aab70e33-1-300x300.jpg 300w, https:\/\/tubadilek.com\/wp-content\/uploads\/2023\/05\/a56f8b41-8809-43d9-85a5-1580aab70e33-1-150x150.jpg 150w\" sizes=\"auto, (max-width: 480px) 100vw, 480px\" \/>\t\t\t\t\t\t\t\t\t\t\t\t\t\t\t<\/div>\n\t\t\t\t<\/div>\n\t\t\t\t\t<\/div>\n\t\t<\/div>\n\t\t\t\t\t\t\t<\/div>\n\t\t<\/section>\n\t\t\t\t<section class=\"elementor-section elementor-top-section elementor-element elementor-element-75e937c elementor-section-content-middle elementor-section-boxed elementor-section-height-default elementor-section-height-default\" data-id=\"75e937c\" data-element_type=\"section\" data-settings=\"{&quot;background_background&quot;:&quot;classic&quot;}\">\n\t\t\t\t\t\t<div class=\"elementor-container elementor-column-gap-no\">\n\t\t\t\t\t<div class=\"elementor-column elementor-col-50 elementor-top-column elementor-element elementor-element-15052c1\" data-id=\"15052c1\" data-element_type=\"column\">\n\t\t\t<div class=\"elementor-widget-wrap elementor-element-populated\">\n\t\t\t\t\t\t\t\t<div class=\"elementor-element elementor-element-f36c592 elementor-widget elementor-widget-heading\" data-id=\"f36c592\" data-element_type=\"widget\" data-widget_type=\"heading.default\">\n\t\t\t\t<div class=\"elementor-widget-container\">\n\t\t\t<h4 class=\"elementor-heading-title elementor-size-default\">Neden psikoloji<\/h4>\t\t<\/div>\n\t\t\t\t<\/div>\n\t\t\t\t<div class=\"elementor-element elementor-element-3a38cbb elementor-widget elementor-widget-text-editor\" data-id=\"3a38cbb\" data-element_type=\"widget\" data-widget_type=\"text-editor.default\">\n\t\t\t\t<div class=\"elementor-widget-container\">\n\t\t\t\t\t\t\t<p>\u0130nsanlar\u0131n asl\u0131nda bedenlerinden daha \u00e7ok, ruhsal bir onar\u0131ma ihtiya\u00e7lar\u0131 vard\u0131r!&nbsp; Burda bir eksiklik oldu\u011funu g\u00f6rd\u00fcm. A\u011f\u0131rl\u0131kl\u0131 olarak \u00e7ocuklarla \u00e7al\u0131\u015ft\u0131g\u0131mdan, \u00e7ocu\u011fun, ailenin aynas\u0131 oldugunu tecr\u00fcbe edindim. Do\u011fru insan, do\u011fru bir ailede geli\u015febilir. Topra\u011fi iyi olmayan bir fidan ne kadar sa\u011fl\u0131kl\u0131 b\u00fcy\u00fcyebilir ki?<\/p>\n<p><\/p>\n<p>Meslek ve \u00f6zel hayat\u0131mda, farkl\u0131 k\u00fclt\u00fcrlerden her t\u00fcrl\u00fc sosyo-ekonomik stat\u00fcden insanlarla, \u00e7ok farkl\u0131 ki\u015filiklerle tan\u0131\u015ft\u0131m \u00e7al\u0131\u015ft\u0131m. Multi-k\u00fclt\u00fcrel insanlarla \u00e7al\u0131\u015fmak beni her zaman \u00e7ok mutlu etmi\u015ftir. Dolay\u0131s\u0131 ile d\u00fcnyaya farkl\u0131 bir pencereden bak\u0131yorsunuz.<\/p>\n<p><span style=\"font-style: inherit; font-weight: inherit; color: var( --e-global-color-astglobalcolor6 ); background-color: var( --e-global-color-astglobalcolor5 );\">Sadece ilgi ve merak yeterli olmuyor. \u0130yi bir dan\u0131\u015fman kar\u015f\u0131s\u0131ndaki insana empatik bir tutum sergileyebilmeli, g\u00f6zlem g\u00fcc\u00fc y\u00fcksek olmal\u0131, a\u011f\u0131r duygusal durumlara kar\u015f\u0131 diren\u00e7lilik g\u00f6sterebilmeli, \u00f6zellikle stres y\u00f6netme kabiliyetinin y\u00fcksek olmas\u0131 ka\u00e7\u0131n\u0131lmaz \u00f6zelliklerindendir..<\/span><span style=\"font-style: inherit; font-weight: inherit; color: var( --e-global-color-astglobalcolor6 ); background-color: var( --e-global-color-astglobalcolor5 );\">Bu \u00f6zelliklere sahip oldu\u011fumu d\u00fc\u015f\u00fcnerek, bu yola \u00e7\u0131k\u0131p insanlara faydal\u0131 olmaya \u00e7al\u0131\u015f\u0131yorum.<\/span><span style=\"font-style: inherit; font-weight: inherit; color: var( --e-global-color-astglobalcolor6 ); background-color: var( --e-global-color-astglobalcolor5 );\">Pedagojik e\u011fitimim ve bu alanda yapt\u0131\u011f\u0131m tecr\u00fcbelerim, benim psikolojik e\u011fitimimin temel kayna\u011f\u0131 oldu diyebilirim.<\/span><\/p>\t\t\t\t\t\t<\/div>\n\t\t\t\t<\/div>\n\t\t\t\t\t<\/div>\n\t\t<\/div>\n\t\t\t\t<div class=\"elementor-column elementor-col-50 elementor-top-column elementor-element elementor-element-861c9e9\" data-id=\"861c9e9\" data-element_type=\"column\" data-settings=\"{&quot;background_background&quot;:&quot;classic&quot;}\">\n\t\t\t<div class=\"elementor-widget-wrap elementor-element-populated\">\n\t\t\t\t\t<div class=\"elementor-background-overlay\"><\/div>\n\t\t\t\t\t\t\t\t<div class=\"elementor-element elementor-element-ff12388 elementor-invisible elementor-widget elementor-widget-image\" data-id=\"ff12388\" data-element_type=\"widget\" data-settings=\"{&quot;_animation&quot;:&quot;bounce&quot;}\" data-widget_type=\"image.default\">\n\t\t\t\t<div class=\"elementor-widget-container\">\n\t\t\t\t\t\t\t\t\t\t\t\t\t\t\t<img loading=\"lazy\" decoding=\"async\" width=\"720\" height=\"480\" src=\"https:\/\/tubadilek.com\/wp-content\/uploads\/2023\/05\/bd7c6941-4477-46cd-b765-112f683c2cbf-1.jpg\" class=\"attachment-full size-full wp-image-842\" alt=\"\" srcset=\"https:\/\/tubadilek.com\/wp-content\/uploads\/2023\/05\/bd7c6941-4477-46cd-b765-112f683c2cbf-1.jpg 720w, https:\/\/tubadilek.com\/wp-content\/uploads\/2023\/05\/bd7c6941-4477-46cd-b765-112f683c2cbf-1-300x200.jpg 300w\" sizes=\"auto, (max-width: 720px) 100vw, 720px\" \/>\t\t\t\t\t\t\t\t\t\t\t\t\t\t\t<\/div>\n\t\t\t\t<\/div>\n\t\t\t\t\t<\/div>\n\t\t<\/div>\n\t\t\t\t\t\t\t<\/div>\n\t\t<\/section>\n\t\t\t\t<section class=\"elementor-section elementor-top-section elementor-element elementor-element-ffbc5ec elementor-section-boxed elementor-section-height-default elementor-section-height-default\" data-id=\"ffbc5ec\" data-element_type=\"section\">\n\t\t\t\t\t\t\t<div class=\"elementor-background-overlay\"><\/div>\n\t\t\t\t\t\t\t<div class=\"elementor-container elementor-column-gap-no\">\n\t\t\t\t\t<div class=\"elementor-column elementor-col-50 elementor-top-column elementor-element elementor-element-9139c98\" data-id=\"9139c98\" data-element_type=\"column\">\n\t\t\t<div class=\"elementor-widget-wrap elementor-element-populated\">\n\t\t\t\t\t\t\t\t<div class=\"elementor-element elementor-element-211eef0 elementor-invisible elementor-widget elementor-widget-image\" data-id=\"211eef0\" data-element_type=\"widget\" data-settings=\"{&quot;_animation&quot;:&quot;bounce&quot;}\" data-widget_type=\"image.default\">\n\t\t\t\t<div class=\"elementor-widget-container\">\n\t\t\t\t\t\t\t\t\t\t\t\t\t\t\t<img loading=\"lazy\" decoding=\"async\" width=\"448\" height=\"480\" src=\"https:\/\/tubadilek.com\/wp-content\/uploads\/2023\/05\/ecc7ee16-5f33-4c48-83fd-cda65e68af03-1.jpg\" class=\"attachment-large size-large wp-image-837\" alt=\"\" srcset=\"https:\/\/tubadilek.com\/wp-content\/uploads\/2023\/05\/ecc7ee16-5f33-4c48-83fd-cda65e68af03-1.jpg 448w, https:\/\/tubadilek.com\/wp-content\/uploads\/2023\/05\/ecc7ee16-5f33-4c48-83fd-cda65e68af03-1-280x300.jpg 280w\" sizes=\"auto, (max-width: 448px) 100vw, 448px\" \/>\t\t\t\t\t\t\t\t\t\t\t\t\t\t\t<\/div>\n\t\t\t\t<\/div>\n\t\t\t\t\t<\/div>\n\t\t<\/div>\n\t\t\t\t<div class=\"elementor-column elementor-col-50 elementor-top-column elementor-element elementor-element-f1ed0bc\" data-id=\"f1ed0bc\" data-element_type=\"column\">\n\t\t\t<div class=\"elementor-widget-wrap elementor-element-populated\">\n\t\t\t\t\t\t\t\t<div class=\"elementor-element elementor-element-321deab elementor-widget elementor-widget-heading\" data-id=\"321deab\" data-element_type=\"widget\" data-widget_type=\"heading.default\">\n\t\t\t\t<div class=\"elementor-widget-container\">\n\t\t\t<h4 class=\"elementor-heading-title elementor-size-default\">DANI\u015eMANLIK ALANINDA<br>VERD\u0130\u011e\u0130M H\u0130ZMETLER<\/h4>\t\t<\/div>\n\t\t\t\t<\/div>\n\t\t\t\t<div class=\"elementor-element elementor-element-81d2d6a elementor-widget elementor-widget-text-editor\" data-id=\"81d2d6a\" data-element_type=\"widget\" data-widget_type=\"text-editor.default\">\n\t\t\t\t<div class=\"elementor-widget-container\">\n\t\t\t\t\t\t\t<ul>\n<li>Psikopatoloji (ruhsal rahats\u0131zl\u0131klar)<\/li>\n<li>Bili\u015fsel davran\u0131\u015f terapisi<\/li>\n<li>Ki\u015fi odakl\u0131 konu\u015fma terapisi(Carl R Rogers)<\/li>\n<li>Dil ve konu\u015fma terapisi(\u0130leti\u015fim terapisi)<\/li>\n<li>Progressif kas gev\u015feme teknikleri (PMR)<\/li>\n<li>Travma Terapisi<\/li>\n<li>Aile Terapisi<\/li>\n<li>Anti-Stres-Masajlari<\/li>\n<li>\u00c7ocuk ve ergenlerde davran\u0131\u015f bozukluklar\u0131<\/li>\n<li>Ki\u015fisel bozukluklar<\/li>\n<li>Aile (sistem) panosu, terapi teknikleri<\/li>\n<li>Cinsel travama, cinsel isteksizlik vs.<\/li>\n<li>OKB Obsessif Kompulsiv Bozukluk (Tak\u0131nt\u0131lar)<br><\/li>\n<li>Ki\u015fisel bozukluklar (Narsizm vb.)<br><\/li>\n<li>Ba\u011f\u0131ml\u0131l\u0131k (kumar, alkol, uyu\u015fturucu)<br><\/li><li>Panik atak<\/li><li>Fobiler<\/li>\n<\/ul>\t\t\t\t\t\t<\/div>\n\t\t\t\t<\/div>\n\t\t\t\t\t<\/div>\n\t\t<\/div>\n\t\t\t\t\t\t\t<\/div>\n\t\t<\/section>\n\t\t\t\t\t\t\t<\/div>\n\t\t","protected":false},"excerpt":{"rendered":"<p>HAKKIMDA Say\u0131n Dan\u0131\u015fan; 1981 y\u0131l\u0131nda \u00e7ocuk ya\u015fta, aile birle\u015fimi ile Almanya\u2019ya g\u00f6\u00e7 ettim. Temel ve Akademik e\u011fitimlerimin hepsini Almanya\u2019da tamamlad\u0131m. 1993\u2019de sosyal ve sa\u011fl\u0131k hizmetleri meslek y\u00fcksek okulunu bitirdikten sonra Alman devletine ait, Aile Merkezlerinde anaokulu \u00f6\u011fretmeni ve \u00e7ocuk bak\u0131m\u0131 alan\u0131nda i\u015f hayat\u0131ma ba\u015flad\u0131m. O g\u00fcnden bu g\u00fcne (31.01.2023) 30 y\u0131l de\u011fi\u015fik Aile Merkezlerinde \u00e7al\u0131\u015ft\u0131m. &hellip;<\/p>\n<p class=\"read-more\"> <a class=\"\" href=\"https:\/\/tubadilek.com\/index.php\/about\/\"> <span class=\"screen-reader-text\">About<\/span> Devam\u0131 &raquo;<\/a><\/p>\n","protected":false},"author":1,"featured_media":0,"parent":0,"menu_order":0,"comment_status":"closed","ping_status":"closed","template":"","meta":{"site-sidebar-layout":"default","site-content-layout":"page-builder","ast-global-header-display":"","ast-banner-title-visibility":"","ast-main-header-display":"","ast-hfb-above-header-display":"","ast-hfb-below-header-display":"","ast-hfb-mobile-header-display":"","site-post-title":"disabled","ast-breadcrumbs-content":"","ast-featured-img":"disabled","footer-sml-layout":"","theme-transparent-header-meta":"enabled","adv-header-id-meta":"","stick-header-meta":"","header-above-stick-meta":"","header-main-stick-meta":"","header-below-stick-meta":"","footnotes":""},"class_list":["post-128","page","type-page","status-publish","hentry"],"_links":{"self":[{"href":"https:\/\/tubadilek.com\/index.php\/wp-json\/wp\/v2\/pages\/128","targetHints":{"allow":["GET"]}}],"collection":[{"href":"https:\/\/tubadilek.com\/index.php\/wp-json\/wp\/v2\/pages"}],"about":[{"href":"https:\/\/tubadilek.com\/index.php\/wp-json\/wp\/v2\/types\/page"}],"author":[{"embeddable":true,"href":"https:\/\/tubadilek.com\/index.php\/wp-json\/wp\/v2\/users\/1"}],"replies":[{"embeddable":true,"href":"https:\/\/tubadilek.com\/index.php\/wp-json\/wp\/v2\/comments?post=128"}],"version-history":[{"count":70,"href":"https:\/\/tubadilek.com\/index.php\/wp-json\/wp\/v2\/pages\/128\/revisions"}],"predecessor-version":[{"id":1124,"href":"https:\/\/tubadilek.com\/index.php\/wp-json\/wp\/v2\/pages\/128\/revisions\/1124"}],"wp:attachment":[{"href":"https:\/\/tubadilek.com\/index.php\/wp-json\/wp\/v2\/media?parent=128"}],"curies":[{"name":"wp","href":"https:\/\/api.w.org\/{rel}","templated":true}]}}