{"id":14,"date":"2018-08-27T12:18:06","date_gmt":"2018-08-27T12:18:06","guid":{"rendered":"https:\/\/tubadilek.com\/index.php\/testimonials\/"},"modified":"2023-05-14T16:25:13","modified_gmt":"2023-05-14T13:25:13","slug":"testimonials","status":"publish","type":"page","link":"https:\/\/tubadilek.com\/index.php\/testimonials\/","title":{"rendered":"Testimonials"},"content":{"rendered":"\t\t<div data-elementor-type=\"wp-post\" data-elementor-id=\"14\" class=\"elementor elementor-14\">\n\t\t\t\t\t\t\t\t\t<section class=\"elementor-section elementor-top-section elementor-element elementor-element-ba5af2b elementor-section-content-middle elementor-section-boxed elementor-section-height-default elementor-section-height-default\" data-id=\"ba5af2b\" data-element_type=\"section\" data-settings=\"{&quot;background_background&quot;:&quot;classic&quot;}\">\n\t\t\t\t\t\t\t<div class=\"elementor-background-overlay\"><\/div>\n\t\t\t\t\t\t\t<div class=\"elementor-container elementor-column-gap-no\">\n\t\t\t\t\t<div class=\"elementor-column elementor-col-100 elementor-top-column elementor-element elementor-element-6fbe738 elementor-invisible\" data-id=\"6fbe738\" data-element_type=\"column\" data-settings=\"{&quot;animation&quot;:&quot;fadeInDown&quot;}\">\n\t\t\t<div class=\"elementor-widget-wrap elementor-element-populated\">\n\t\t\t\t\t\t\t\t<div class=\"elementor-element elementor-element-f1acbd8 elementor-widget elementor-widget-heading\" data-id=\"f1acbd8\" data-element_type=\"widget\" data-widget_type=\"heading.default\">\n\t\t\t\t<div class=\"elementor-widget-container\">\n\t\t\t<style>\/*! elementor - v3.13.2 - 11-05-2023 *\/\n.elementor-heading-title{padding:0;margin:0;line-height:1}.elementor-widget-heading .elementor-heading-title[class*=elementor-size-]>a{color:inherit;font-size:inherit;line-height:inherit}.elementor-widget-heading .elementor-heading-title.elementor-size-small{font-size:15px}.elementor-widget-heading .elementor-heading-title.elementor-size-medium{font-size:19px}.elementor-widget-heading .elementor-heading-title.elementor-size-large{font-size:29px}.elementor-widget-heading .elementor-heading-title.elementor-size-xl{font-size:39px}.elementor-widget-heading .elementor-heading-title.elementor-size-xxl{font-size:59px}<\/style><h1 class=\"elementor-heading-title elementor-size-default\">Sosyal Pedagoji<\/h1>\t\t<\/div>\n\t\t\t\t<\/div>\n\t\t\t\t\t<\/div>\n\t\t<\/div>\n\t\t\t\t\t\t\t<\/div>\n\t\t<\/section>\n\t\t\t\t<section class=\"elementor-section elementor-top-section elementor-element elementor-element-0e2c33f elementor-section-content-middle elementor-section-boxed elementor-section-height-default elementor-section-height-default\" data-id=\"0e2c33f\" data-element_type=\"section\">\n\t\t\t\t\t\t<div class=\"elementor-container elementor-column-gap-no\">\n\t\t\t\t\t<div class=\"elementor-column elementor-col-50 elementor-top-column elementor-element elementor-element-1db29f3\" data-id=\"1db29f3\" data-element_type=\"column\" data-settings=\"{&quot;background_background&quot;:&quot;classic&quot;}\">\n\t\t\t<div class=\"elementor-widget-wrap elementor-element-populated\">\n\t\t\t\t\t<div class=\"elementor-background-overlay\"><\/div>\n\t\t\t\t\t\t\t\t<div class=\"elementor-element elementor-element-ee5dfdf elementor-widget elementor-widget-heading\" data-id=\"ee5dfdf\" data-element_type=\"widget\" data-widget_type=\"heading.default\">\n\t\t\t\t<div class=\"elementor-widget-container\">\n\t\t\t<h3 class=\"elementor-heading-title elementor-size-default\">Sosyal Pedagoji Nedir?<\/h3>\t\t<\/div>\n\t\t\t\t<\/div>\n\t\t\t\t<div class=\"elementor-element elementor-element-9551b2c elementor-widget elementor-widget-text-editor\" data-id=\"9551b2c\" data-element_type=\"widget\" data-widget_type=\"text-editor.default\">\n\t\t\t\t<div class=\"elementor-widget-container\">\n\t\t\t<style>\/*! elementor - v3.13.2 - 11-05-2023 *\/\n.elementor-widget-text-editor.elementor-drop-cap-view-stacked .elementor-drop-cap{background-color:#69727d;color:#fff}.elementor-widget-text-editor.elementor-drop-cap-view-framed .elementor-drop-cap{color:#69727d;border:3px solid;background-color:transparent}.elementor-widget-text-editor:not(.elementor-drop-cap-view-default) .elementor-drop-cap{margin-top:8px}.elementor-widget-text-editor:not(.elementor-drop-cap-view-default) .elementor-drop-cap-letter{width:1em;height:1em}.elementor-widget-text-editor .elementor-drop-cap{float:left;text-align:center;line-height:1;font-size:50px}.elementor-widget-text-editor .elementor-drop-cap-letter{display:inline-block}<\/style>\t\t\t\t<p>Sosyal pedagoji, Alman bilim insan\u0131 Adolf Diesterweg (1790-1866) taraf\u0131ndan ilk defa ortaya at\u0131lan bu terim, toplumda ma\u011fdur duruma d\u00fc\u015fm\u00fc\u015f, sosyal y\u00f6nden tecrit edilmi\u015f veya \u015fahs\u00ee y\u00f6nden problemleri olan insanlar\u0131n sosyal hayata yeniden kazand\u0131r\u0131lmalar\u0131, ba\u011f\u0131ms\u0131z ve \u00fcretken h\u00e2le gelmelerini sa\u011flayan terapoytik,(hastan\u0131n kendini bask\u0131 alt\u0131nda hissetmeyece\u011fi tedaviye uygun ortam haz\u0131rlanmas\u0131) e\u011fitimsel ve dan\u0131\u015fmaya y\u00f6nelik hizmetlerin b\u00fct\u00fcn\u00fcd\u00fcr. Daha basit bir yakla\u015f\u0131mla sosyal pedagoji, sosyal sorunlu \u00e7ocuk, gen\u00e7 ve yeti\u015fkinlerin okul d\u0131\u015f\u0131 e\u011fitim ve terbiyesidir.<\/p>\t\t\t\t\t\t<\/div>\n\t\t\t\t<\/div>\n\t\t\t\t\t<\/div>\n\t\t<\/div>\n\t\t\t\t<div class=\"elementor-column elementor-col-50 elementor-top-column elementor-element elementor-element-36b2909\" data-id=\"36b2909\" data-element_type=\"column\">\n\t\t\t<div class=\"elementor-widget-wrap elementor-element-populated\">\n\t\t\t\t\t\t\t\t<div class=\"elementor-element elementor-element-dc6a40f elementor-invisible elementor-widget elementor-widget-image\" data-id=\"dc6a40f\" data-element_type=\"widget\" data-settings=\"{&quot;_animation&quot;:&quot;bounce&quot;}\" data-widget_type=\"image.default\">\n\t\t\t\t<div class=\"elementor-widget-container\">\n\t\t\t<style>\/*! elementor - v3.13.2 - 11-05-2023 *\/\n.elementor-widget-image{text-align:center}.elementor-widget-image a{display:inline-block}.elementor-widget-image a img[src$=\".svg\"]{width:48px}.elementor-widget-image img{vertical-align:middle;display:inline-block}<\/style>\t\t\t\t\t\t\t\t\t\t\t\t<img loading=\"lazy\" decoding=\"async\" width=\"640\" height=\"480\" src=\"https:\/\/tubadilek.com\/wp-content\/uploads\/2023\/05\/36cb0636-9eb8-403c-b2eb-9141b264b1b5-1.jpg\" class=\"attachment-full size-full wp-image-841\" alt=\"\" srcset=\"https:\/\/tubadilek.com\/wp-content\/uploads\/2023\/05\/36cb0636-9eb8-403c-b2eb-9141b264b1b5-1.jpg 640w, https:\/\/tubadilek.com\/wp-content\/uploads\/2023\/05\/36cb0636-9eb8-403c-b2eb-9141b264b1b5-1-300x225.jpg 300w\" sizes=\"auto, (max-width: 640px) 100vw, 640px\" \/>\t\t\t\t\t\t\t\t\t\t\t\t\t\t\t<\/div>\n\t\t\t\t<\/div>\n\t\t\t\t\t<\/div>\n\t\t<\/div>\n\t\t\t\t\t\t\t<\/div>\n\t\t<\/section>\n\t\t\t\t<section class=\"elementor-section elementor-top-section elementor-element elementor-element-f908237 elementor-section-content-middle elementor-section-boxed elementor-section-height-default elementor-section-height-default\" data-id=\"f908237\" data-element_type=\"section\">\n\t\t\t\t\t\t<div class=\"elementor-container elementor-column-gap-no\">\n\t\t\t\t\t<div class=\"elementor-column elementor-col-50 elementor-top-column elementor-element elementor-element-ee7cea7\" data-id=\"ee7cea7\" data-element_type=\"column\">\n\t\t\t<div class=\"elementor-widget-wrap elementor-element-populated\">\n\t\t\t\t\t\t\t\t<div class=\"elementor-element elementor-element-1c1aa6e elementor-invisible elementor-widget elementor-widget-image\" data-id=\"1c1aa6e\" data-element_type=\"widget\" data-settings=\"{&quot;_animation&quot;:&quot;bounce&quot;}\" data-widget_type=\"image.default\">\n\t\t\t\t<div class=\"elementor-widget-container\">\n\t\t\t\t\t\t\t\t\t\t\t\t\t\t\t<img loading=\"lazy\" decoding=\"async\" width=\"720\" height=\"480\" src=\"https:\/\/tubadilek.com\/wp-content\/uploads\/2023\/05\/e4ef7afd-6be3-47c0-a7b0-cc3edce0c7e2-1.jpg\" class=\"attachment-full size-full wp-image-867\" alt=\"\" srcset=\"https:\/\/tubadilek.com\/wp-content\/uploads\/2023\/05\/e4ef7afd-6be3-47c0-a7b0-cc3edce0c7e2-1.jpg 720w, https:\/\/tubadilek.com\/wp-content\/uploads\/2023\/05\/e4ef7afd-6be3-47c0-a7b0-cc3edce0c7e2-1-300x200.jpg 300w\" sizes=\"auto, (max-width: 720px) 100vw, 720px\" \/>\t\t\t\t\t\t\t\t\t\t\t\t\t\t\t<\/div>\n\t\t\t\t<\/div>\n\t\t\t\t\t<\/div>\n\t\t<\/div>\n\t\t\t\t<div class=\"elementor-column elementor-col-50 elementor-top-column elementor-element elementor-element-e8b678c\" data-id=\"e8b678c\" data-element_type=\"column\" data-settings=\"{&quot;background_background&quot;:&quot;classic&quot;}\">\n\t\t\t<div class=\"elementor-widget-wrap elementor-element-populated\">\n\t\t\t\t\t<div class=\"elementor-background-overlay\"><\/div>\n\t\t\t\t\t\t\t\t<div class=\"elementor-element elementor-element-5194e68 elementor-widget elementor-widget-heading\" data-id=\"5194e68\" data-element_type=\"widget\" data-widget_type=\"heading.default\">\n\t\t\t\t<div class=\"elementor-widget-container\">\n\t\t\t<h3 class=\"elementor-heading-title elementor-size-default\">Sosyal Pedagoji ve Sosyal \u00c7al\u0131\u015fman\u0131n Faaliyet Alanlar\u0131;<\/h3>\t\t<\/div>\n\t\t\t\t<\/div>\n\t\t\t\t<div class=\"elementor-element elementor-element-87d3787 elementor-widget elementor-widget-text-editor\" data-id=\"87d3787\" data-element_type=\"widget\" data-widget_type=\"text-editor.default\">\n\t\t\t\t<div class=\"elementor-widget-container\">\n\t\t\t\t\t\t\t<p>\u2022 \u00c7ocuklar\u0131n e\u011fitim ve psiko-sosyal sorunlar\u0131na yard\u0131mc\u0131 olmak.<\/p>\n<p><span style=\"font-style: inherit; font-weight: inherit; color: var( --e-global-color-astglobalcolor6 ); background-color: var(--ast-global-color-4);\">\u2022 Aile i\u00e7i \u015fiddete maruz kalm\u0131\u015f kad\u0131n ve \u00e7ocuklar\u0131n psiko-sosyal sorunlar\u0131na yard\u0131mc\u0131 olmak ve ge\u00e7ici-kal\u0131c\u0131 sosyal konutlar bulmak.<\/span><\/p>\n<p>\u2022 Yard\u0131ma muhta\u00e7 ki\u015fi ve ailelerin psiko-sosyal ve madd\u00ee sorunlar\u0131n\u0131 gidermek konular\u0131nda yard\u0131mc\u0131 olmak.<\/p>\n<p>\u2022 Engelilerin sosyal hayata adaptasyonu ve e\u011fitimi.<\/p>\n<p>\u2022 Alkol ve uyu\u015fturucu ba\u011f\u0131ml\u0131lar\u0131n psiko-sosyal sorunlar\u0131na e\u011fitimsel a\u00e7\u0131dan yard\u0131mc\u0131 olmak.<\/p>\n<p>\u2022 Yabanc\u0131lar\u0131n sosyal hayata uyumlar\u0131n\u0131 kolayla\u015ft\u0131rmak amac\u0131yla dil kurslar\u0131 \u00e7er\u00e7evesinde pedagojik uyum programlar\u0131 sunmak.<\/p>\n<p>\u2022 Evsiz-barks\u0131z ki\u015filere sosyal konut alan\u0131nda veya ge\u00e7ici iskan konusunda yard\u0131mc\u0131 olmak.<\/p>\n<p>\u2022 Tutuklular\u0131n e\u011fitim gereksinimlerini kar\u015f\u0131lamak.<\/p>\n<p>\u2022 \u00c7ocuklar\u0131n sosyalle\u015fmesine yard\u0131mc\u0131 olmak.<\/p>\n<p>\u2022 Aileleri korumak ve sa\u011fl\u0131kl\u0131 bir ortamda geli\u015ftirmek.<\/p>\n<p>\u2022 Ki\u015filere sosyal ahl\u00e2k ilkeleri \u00e7er\u00e7evesinde sosyal sorumluluk a\u015f\u0131lamak.<\/p>\n<p>\u2022 Toplumun genel k\u00fclt\u00fcrel, meslek\u00ee ve e\u011fitim ihtiyac\u0131n\u0131 kar\u015f\u0131lamak. \u00d6zellikle meslek veya sanat sahibi olmayanlara meslek\u00ee bilgi ve beceri \u00f6\u011fretmek.<\/p>\n<p>\u2022 Bireyin ki\u015fisel yeteneklerini geli\u015ftirmek.<\/p>\n<p>\u2022 Bireyin toplum i\u00e7indeki g\u00f6revini daha iyi kavramas\u0131n\u0131 sa\u011flamak. Sosyal uyumuna ve geli\u015fimine yard\u0131mc\u0131 olmak.<\/p>\n<p>\u2022 E\u011fitim kurumlar\u0131ndan yararlanamam\u0131\u015f olanlara temel e\u011fitim olanaklar\u0131 sunmak.<\/p>\n<p>\u2022 E\u011fitimden ge\u00e7mi\u015f ki\u015filere belirli alanlarda duyduklar\u0131 eksikliklerini giderebilmek i\u00e7in t\u00fcmleyici ve yenileyici e\u011fitim sunmak.<\/p>\t\t\t\t\t\t<\/div>\n\t\t\t\t<\/div>\n\t\t\t\t\t<\/div>\n\t\t<\/div>\n\t\t\t\t\t\t\t<\/div>\n\t\t<\/section>\n\t\t\t\t\t\t\t<\/div>\n\t\t","protected":false},"excerpt":{"rendered":"<p>Sosyal Pedagoji Sosyal Pedagoji Nedir? Sosyal pedagoji, Alman bilim insan\u0131 Adolf Diesterweg (1790-1866) taraf\u0131ndan ilk defa ortaya at\u0131lan bu terim, toplumda ma\u011fdur duruma d\u00fc\u015fm\u00fc\u015f, sosyal y\u00f6nden tecrit edilmi\u015f veya \u015fahs\u00ee y\u00f6nden problemleri olan insanlar\u0131n sosyal hayata yeniden kazand\u0131r\u0131lmalar\u0131, ba\u011f\u0131ms\u0131z ve \u00fcretken h\u00e2le gelmelerini sa\u011flayan terapoytik,(hastan\u0131n kendini bask\u0131 alt\u0131nda hissetmeyece\u011fi tedaviye uygun ortam haz\u0131rlanmas\u0131) e\u011fitimsel ve &hellip;<\/p>\n<p class=\"read-more\"> <a class=\"\" href=\"https:\/\/tubadilek.com\/index.php\/testimonials\/\"> <span class=\"screen-reader-text\">Testimonials<\/span> Devam\u0131 &raquo;<\/a><\/p>\n","protected":false},"author":1,"featured_media":0,"parent":0,"menu_order":0,"comment_status":"closed","ping_status":"closed","template":"","meta":{"site-sidebar-layout":"default","site-content-layout":"page-builder","ast-global-header-display":"","ast-banner-title-visibility":"","ast-main-header-display":"","ast-hfb-above-header-display":"","ast-hfb-below-header-display":"","ast-hfb-mobile-header-display":"","site-post-title":"disabled","ast-breadcrumbs-content":"","ast-featured-img":"disabled","footer-sml-layout":"","theme-transparent-header-meta":"enabled","adv-header-id-meta":"","stick-header-meta":"","header-above-stick-meta":"","header-main-stick-meta":"","header-below-stick-meta":"","footnotes":""},"class_list":["post-14","page","type-page","status-publish","hentry"],"_links":{"self":[{"href":"https:\/\/tubadilek.com\/index.php\/wp-json\/wp\/v2\/pages\/14","targetHints":{"allow":["GET"]}}],"collection":[{"href":"https:\/\/tubadilek.com\/index.php\/wp-json\/wp\/v2\/pages"}],"about":[{"href":"https:\/\/tubadilek.com\/index.php\/wp-json\/wp\/v2\/types\/page"}],"author":[{"embeddable":true,"href":"https:\/\/tubadilek.com\/index.php\/wp-json\/wp\/v2\/users\/1"}],"replies":[{"embeddable":true,"href":"https:\/\/tubadilek.com\/index.php\/wp-json\/wp\/v2\/comments?post=14"}],"version-history":[{"count":31,"href":"https:\/\/tubadilek.com\/index.php\/wp-json\/wp\/v2\/pages\/14\/revisions"}],"predecessor-version":[{"id":1063,"href":"https:\/\/tubadilek.com\/index.php\/wp-json\/wp\/v2\/pages\/14\/revisions\/1063"}],"wp:attachment":[{"href":"https:\/\/tubadilek.com\/index.php\/wp-json\/wp\/v2\/media?parent=14"}],"curies":[{"name":"wp","href":"https:\/\/api.w.org\/{rel}","templated":true}]}}