{"id":674,"date":"2018-08-27T12:17:23","date_gmt":"2018-08-27T12:17:23","guid":{"rendered":"https:\/\/tubadilek.com\/index.php\/why-choose-me\/"},"modified":"2023-05-13T16:04:25","modified_gmt":"2023-05-13T13:04:25","slug":"why-choose-me","status":"publish","type":"page","link":"https:\/\/tubadilek.com\/index.php\/why-choose-me\/","title":{"rendered":"Why choose me"},"content":{"rendered":"\t\t<div data-elementor-type=\"wp-post\" data-elementor-id=\"674\" class=\"elementor elementor-674\">\n\t\t\t\t\t\t\t\t\t<section class=\"elementor-section elementor-top-section elementor-element elementor-element-c72c06a elementor-section-content-middle elementor-section-boxed elementor-section-height-default elementor-section-height-default\" data-id=\"c72c06a\" data-element_type=\"section\" data-settings=\"{&quot;background_background&quot;:&quot;classic&quot;}\">\n\t\t\t\t\t\t\t<div class=\"elementor-background-overlay\"><\/div>\n\t\t\t\t\t\t\t<div class=\"elementor-container elementor-column-gap-no\">\n\t\t\t\t\t<div class=\"elementor-column elementor-col-100 elementor-top-column elementor-element elementor-element-99d7f03 elementor-invisible\" data-id=\"99d7f03\" data-element_type=\"column\" data-settings=\"{&quot;animation&quot;:&quot;fadeInDown&quot;}\">\n\t\t\t<div class=\"elementor-widget-wrap elementor-element-populated\">\n\t\t\t\t\t\t\t\t<div class=\"elementor-element elementor-element-e4ee66b elementor-widget elementor-widget-heading\" data-id=\"e4ee66b\" data-element_type=\"widget\" data-widget_type=\"heading.default\">\n\t\t\t\t<div class=\"elementor-widget-container\">\n\t\t\t<style>\/*! elementor - v3.13.2 - 11-05-2023 *\/\n.elementor-heading-title{padding:0;margin:0;line-height:1}.elementor-widget-heading .elementor-heading-title[class*=elementor-size-]>a{color:inherit;font-size:inherit;line-height:inherit}.elementor-widget-heading .elementor-heading-title.elementor-size-small{font-size:15px}.elementor-widget-heading .elementor-heading-title.elementor-size-medium{font-size:19px}.elementor-widget-heading .elementor-heading-title.elementor-size-large{font-size:29px}.elementor-widget-heading .elementor-heading-title.elementor-size-xl{font-size:39px}.elementor-widget-heading .elementor-heading-title.elementor-size-xxl{font-size:59px}<\/style><h1 class=\"elementor-heading-title elementor-size-default\">Psikolojik Dan\u0131\u015fmanl\u0131k<\/h1>\t\t<\/div>\n\t\t\t\t<\/div>\n\t\t\t\t\t<\/div>\n\t\t<\/div>\n\t\t\t\t\t\t\t<\/div>\n\t\t<\/section>\n\t\t\t\t<section class=\"elementor-section elementor-top-section elementor-element elementor-element-2fcbc98 elementor-section-content-middle elementor-section-boxed elementor-section-height-default elementor-section-height-default\" data-id=\"2fcbc98\" data-element_type=\"section\">\n\t\t\t\t\t\t<div class=\"elementor-container elementor-column-gap-no\">\n\t\t\t\t\t<div class=\"elementor-column elementor-col-50 elementor-top-column elementor-element elementor-element-a391a1e elementor-invisible\" data-id=\"a391a1e\" data-element_type=\"column\" data-settings=\"{&quot;animation&quot;:&quot;bounce&quot;}\">\n\t\t\t<div class=\"elementor-widget-wrap elementor-element-populated\">\n\t\t\t\t\t\t\t\t<div class=\"elementor-element elementor-element-db3fc46 elementor-widget elementor-widget-image\" data-id=\"db3fc46\" data-element_type=\"widget\" data-widget_type=\"image.default\">\n\t\t\t\t<div class=\"elementor-widget-container\">\n\t\t\t<style>\/*! elementor - v3.13.2 - 11-05-2023 *\/\n.elementor-widget-image{text-align:center}.elementor-widget-image a{display:inline-block}.elementor-widget-image a img[src$=\".svg\"]{width:48px}.elementor-widget-image img{vertical-align:middle;display:inline-block}<\/style>\t\t\t\t\t\t\t\t\t\t\t\t<img loading=\"lazy\" decoding=\"async\" width=\"1920\" height=\"1371\" src=\"https:\/\/tubadilek.com\/wp-content\/uploads\/2023\/05\/mental-health-3337026_1920-1.jpg\" class=\"attachment-full size-full wp-image-827\" alt=\"\" srcset=\"https:\/\/tubadilek.com\/wp-content\/uploads\/2023\/05\/mental-health-3337026_1920-1.jpg 1920w, https:\/\/tubadilek.com\/wp-content\/uploads\/2023\/05\/mental-health-3337026_1920-1-300x214.jpg 300w, https:\/\/tubadilek.com\/wp-content\/uploads\/2023\/05\/mental-health-3337026_1920-1-1024x731.jpg 1024w, https:\/\/tubadilek.com\/wp-content\/uploads\/2023\/05\/mental-health-3337026_1920-1-768x548.jpg 768w, https:\/\/tubadilek.com\/wp-content\/uploads\/2023\/05\/mental-health-3337026_1920-1-1536x1097.jpg 1536w\" sizes=\"auto, (max-width: 1920px) 100vw, 1920px\" \/>\t\t\t\t\t\t\t\t\t\t\t\t\t\t\t<\/div>\n\t\t\t\t<\/div>\n\t\t\t\t\t<\/div>\n\t\t<\/div>\n\t\t\t\t<div class=\"elementor-column elementor-col-50 elementor-top-column elementor-element elementor-element-49c6abf\" data-id=\"49c6abf\" data-element_type=\"column\" data-settings=\"{&quot;background_background&quot;:&quot;classic&quot;}\">\n\t\t\t<div class=\"elementor-widget-wrap elementor-element-populated\">\n\t\t\t\t\t<div class=\"elementor-background-overlay\"><\/div>\n\t\t\t\t\t\t\t\t<div class=\"elementor-element elementor-element-1a0c90f elementor-widget elementor-widget-heading\" data-id=\"1a0c90f\" data-element_type=\"widget\" data-widget_type=\"heading.default\">\n\t\t\t\t<div class=\"elementor-widget-container\">\n\t\t\t<h3 class=\"elementor-heading-title elementor-size-default\">Psikolojik Dan\u0131\u015fmanl\u0131k Nedir ?<\/h3>\t\t<\/div>\n\t\t\t\t<\/div>\n\t\t\t\t<div class=\"elementor-element elementor-element-4a9d703 elementor-widget elementor-widget-text-editor\" data-id=\"4a9d703\" data-element_type=\"widget\" data-widget_type=\"text-editor.default\">\n\t\t\t\t<div class=\"elementor-widget-container\">\n\t\t\t<style>\/*! elementor - v3.13.2 - 11-05-2023 *\/\n.elementor-widget-text-editor.elementor-drop-cap-view-stacked .elementor-drop-cap{background-color:#69727d;color:#fff}.elementor-widget-text-editor.elementor-drop-cap-view-framed .elementor-drop-cap{color:#69727d;border:3px solid;background-color:transparent}.elementor-widget-text-editor:not(.elementor-drop-cap-view-default) .elementor-drop-cap{margin-top:8px}.elementor-widget-text-editor:not(.elementor-drop-cap-view-default) .elementor-drop-cap-letter{width:1em;height:1em}.elementor-widget-text-editor .elementor-drop-cap{float:left;text-align:center;line-height:1;font-size:50px}.elementor-widget-text-editor .elementor-drop-cap-letter{display:inline-block}<\/style>\t\t\t\t<p>Psikolojik dan\u0131\u015fmanl\u0131k koruyucu ruh sa\u011fl\u0131\u011f\u0131 hizmetidir. Ruh sa\u011fl\u0131\u011f\u0131 a\u00e7\u0131s\u0131ndan normal, ancak geli\u015fimsel ve uyum sorunlar\u0131 olan herkesin bu hizmetlere ihtiyac\u0131 vard\u0131r. \u00d6rne\u011fin, yeni okula gelmi\u015f bir \u00f6\u011frencinin uyum sorunu olabilir, arkada\u015fs\u0131zl\u0131k \u00e7ekebilir, bir ba\u015fka \u00f6\u011frencinin s\u0131navlara ili\u015fkin kayg\u0131s\u0131 olabilir ya da bir \u00fcst e\u011fitim kurumu veya meslek se\u00e7imiyle ilgili yard\u0131m isteyebilir gibi. E\u011fitim ortam\u0131nda \u00f6\u011frencilere, psikolojik dan\u0131\u015fma ve rehberlik hizmetleri sunuldu\u011fu takdirde, \u00f6\u011fretim ve y\u00f6netim i\u015fleri kolayla\u015facak, hem gelece\u011fin yeti\u015fkinleri olan \u00e7ocuk ve gen\u00e7lerin, dolay\u0131s\u0131yla toplumun ruh sa\u011fl\u0131\u011f\u0131 korunmu\u015f hem de \u00e7a\u011fda\u015f e\u011fitim ortam\u0131 sa\u011flanm\u0131\u015f olur. Hizmet alan\u0131na g\u00f6re; e\u011fitim, sa\u011fl\u0131k ve sosyal rehberlik olarak ayr\u0131l\u0131r. Problem alan\u0131na g\u00f6re ise ki\u015fisel, e\u011fitsel ve mesleki rehberlik olarak ayr\u0131lmaktad\u0131r.<\/p><p>Psikolojik dan\u0131\u015fmanl\u0131k yapabilmek i\u00e7in,Almanya`da lisans d\u00fczeyinde Psikolojik Dan\u0131\u015fmanl\u0131k b\u00f6l\u00fcm\u00fcn\u00fc bitirmek gerekmektedir. Psikolojik Dan\u0131\u015fmanlar, psikiyatristlerden farkl\u0131 olarak, \u201chastal\u0131k\u201d durumundaki, ila\u00e7 tedavisi gerektiren psikolojik rahats\u0131zl\u0131klarla ilgilenmezler.<\/p><p>Psikoloji biliminde ortaya konan yeni teoriler ve sanayile\u015fme ile geli\u015fen yeni meslek dallar\u0131 psikolojik dan\u0131\u015fmanl\u0131k ve rehberlik hizmetlerinin de s\u00fcrekli geli\u015fmesini sa\u011flam\u0131\u015ft\u0131r. Psikolojik Dan\u0131\u015fma ve Rehberlik hizmetinde ki\u015finin kendisini daha iyi tan\u0131mas\u0131, istekleri, yetenekleri ile ya\u015fam\u0131, al\u0131\u015fkanl\u0131klar\u0131, gelecek planlar\u0131 ve kararlar\u0131 aras\u0131ndaki denge g\u00f6zetilmektedir.<\/p>\t\t\t\t\t\t<\/div>\n\t\t\t\t<\/div>\n\t\t\t\t\t<\/div>\n\t\t<\/div>\n\t\t\t\t\t\t\t<\/div>\n\t\t<\/section>\n\t\t\t\t\t\t\t<\/div>\n\t\t","protected":false},"excerpt":{"rendered":"<p>Psikolojik Dan\u0131\u015fmanl\u0131k Psikolojik Dan\u0131\u015fmanl\u0131k Nedir ? Psikolojik dan\u0131\u015fmanl\u0131k koruyucu ruh sa\u011fl\u0131\u011f\u0131 hizmetidir. Ruh sa\u011fl\u0131\u011f\u0131 a\u00e7\u0131s\u0131ndan normal, ancak geli\u015fimsel ve uyum sorunlar\u0131 olan herkesin bu hizmetlere ihtiyac\u0131 vard\u0131r. \u00d6rne\u011fin, yeni okula gelmi\u015f bir \u00f6\u011frencinin uyum sorunu olabilir, arkada\u015fs\u0131zl\u0131k \u00e7ekebilir, bir ba\u015fka \u00f6\u011frencinin s\u0131navlara ili\u015fkin kayg\u0131s\u0131 olabilir ya da bir \u00fcst e\u011fitim kurumu veya meslek se\u00e7imiyle ilgili &hellip;<\/p>\n<p class=\"read-more\"> <a class=\"\" href=\"https:\/\/tubadilek.com\/index.php\/why-choose-me\/\"> <span class=\"screen-reader-text\">Why choose me<\/span> Devam\u0131 &raquo;<\/a><\/p>\n","protected":false},"author":1,"featured_media":0,"parent":0,"menu_order":0,"comment_status":"closed","ping_status":"closed","template":"","meta":{"site-sidebar-layout":"default","site-content-layout":"page-builder","ast-global-header-display":"","ast-banner-title-visibility":"","ast-main-header-display":"","ast-hfb-above-header-display":"","ast-hfb-below-header-display":"","ast-hfb-mobile-header-display":"","site-post-title":"disabled","ast-breadcrumbs-content":"","ast-featured-img":"disabled","footer-sml-layout":"","theme-transparent-header-meta":"enabled","adv-header-id-meta":"","stick-header-meta":"","header-above-stick-meta":"","header-main-stick-meta":"","header-below-stick-meta":"","footnotes":""},"class_list":["post-674","page","type-page","status-publish","hentry"],"_links":{"self":[{"href":"https:\/\/tubadilek.com\/index.php\/wp-json\/wp\/v2\/pages\/674","targetHints":{"allow":["GET"]}}],"collection":[{"href":"https:\/\/tubadilek.com\/index.php\/wp-json\/wp\/v2\/pages"}],"about":[{"href":"https:\/\/tubadilek.com\/index.php\/wp-json\/wp\/v2\/types\/page"}],"author":[{"embeddable":true,"href":"https:\/\/tubadilek.com\/index.php\/wp-json\/wp\/v2\/users\/1"}],"replies":[{"embeddable":true,"href":"https:\/\/tubadilek.com\/index.php\/wp-json\/wp\/v2\/comments?post=674"}],"version-history":[{"count":25,"href":"https:\/\/tubadilek.com\/index.php\/wp-json\/wp\/v2\/pages\/674\/revisions"}],"predecessor-version":[{"id":1023,"href":"https:\/\/tubadilek.com\/index.php\/wp-json\/wp\/v2\/pages\/674\/revisions\/1023"}],"wp:attachment":[{"href":"https:\/\/tubadilek.com\/index.php\/wp-json\/wp\/v2\/media?parent=674"}],"curies":[{"name":"wp","href":"https:\/\/api.w.org\/{rel}","templated":true}]}}