{"id":687,"date":"2023-05-11T21:51:50","date_gmt":"2023-05-11T18:51:50","guid":{"rendered":"https:\/\/tubadilek.com\/?page_id=687"},"modified":"2023-05-12T00:57:57","modified_gmt":"2023-05-11T21:57:57","slug":"online-danismanlik","status":"publish","type":"page","link":"https:\/\/tubadilek.com\/index.php\/online-danismanlik\/","title":{"rendered":"online dan\u0131\u015fmanl\u0131k"},"content":{"rendered":"\t\t<div data-elementor-type=\"wp-page\" data-elementor-id=\"687\" class=\"elementor elementor-687\">\n\t\t\t\t\t\t\t\t\t<section class=\"elementor-section elementor-top-section elementor-element elementor-element-aaae47c elementor-section-content-middle elementor-section-boxed elementor-section-height-default elementor-section-height-default\" data-id=\"aaae47c\" data-element_type=\"section\" data-settings=\"{&quot;background_background&quot;:&quot;classic&quot;}\">\n\t\t\t\t\t\t\t<div class=\"elementor-background-overlay\"><\/div>\n\t\t\t\t\t\t\t<div class=\"elementor-container elementor-column-gap-no\">\n\t\t\t\t\t<div class=\"elementor-column elementor-col-100 elementor-top-column elementor-element elementor-element-231d4d33 elementor-invisible\" data-id=\"231d4d33\" data-element_type=\"column\" data-settings=\"{&quot;animation&quot;:&quot;fadeInDown&quot;}\">\n\t\t\t<div class=\"elementor-widget-wrap elementor-element-populated\">\n\t\t\t\t\t\t\t\t<div class=\"elementor-element elementor-element-4cd00396 elementor-widget elementor-widget-heading\" data-id=\"4cd00396\" data-element_type=\"widget\" data-widget_type=\"heading.default\">\n\t\t\t\t<div class=\"elementor-widget-container\">\n\t\t\t<style>\/*! elementor - v3.13.2 - 11-05-2023 *\/\n.elementor-heading-title{padding:0;margin:0;line-height:1}.elementor-widget-heading .elementor-heading-title[class*=elementor-size-]>a{color:inherit;font-size:inherit;line-height:inherit}.elementor-widget-heading .elementor-heading-title.elementor-size-small{font-size:15px}.elementor-widget-heading .elementor-heading-title.elementor-size-medium{font-size:19px}.elementor-widget-heading .elementor-heading-title.elementor-size-large{font-size:29px}.elementor-widget-heading .elementor-heading-title.elementor-size-xl{font-size:39px}.elementor-widget-heading .elementor-heading-title.elementor-size-xxl{font-size:59px}<\/style><h1 class=\"elementor-heading-title elementor-size-default\">Online Dan\u0131\u015fmanl\u0131k<\/h1>\t\t<\/div>\n\t\t\t\t<\/div>\n\t\t\t\t\t<\/div>\n\t\t<\/div>\n\t\t\t\t\t\t\t<\/div>\n\t\t<\/section>\n\t\t\t\t<section class=\"elementor-section elementor-top-section elementor-element elementor-element-5ebc775b elementor-section-content-middle elementor-section-boxed elementor-section-height-default elementor-section-height-default\" data-id=\"5ebc775b\" data-element_type=\"section\">\n\t\t\t\t\t\t<div class=\"elementor-container elementor-column-gap-no\">\n\t\t\t\t\t<div class=\"elementor-column elementor-col-50 elementor-top-column elementor-element elementor-element-54b37910 elementor-invisible\" data-id=\"54b37910\" data-element_type=\"column\" data-settings=\"{&quot;animation&quot;:&quot;zoomIn&quot;}\">\n\t\t\t<div class=\"elementor-widget-wrap elementor-element-populated\">\n\t\t\t\t\t\t\t\t<div class=\"elementor-element elementor-element-51d14bea elementor-widget elementor-widget-image\" data-id=\"51d14bea\" data-element_type=\"widget\" data-widget_type=\"image.default\">\n\t\t\t\t<div class=\"elementor-widget-container\">\n\t\t\t<style>\/*! elementor - v3.13.2 - 11-05-2023 *\/\n.elementor-widget-image{text-align:center}.elementor-widget-image a{display:inline-block}.elementor-widget-image a img[src$=\".svg\"]{width:48px}.elementor-widget-image img{vertical-align:middle;display:inline-block}<\/style>\t\t\t\t\t\t\t\t\t\t\t\t<img loading=\"lazy\" decoding=\"async\" width=\"1280\" height=\"720\" src=\"https:\/\/tubadilek.com\/wp-content\/uploads\/2023\/05\/490b2704-2e21-4427-aa64-e4c33dcc2c62.jpg\" class=\"attachment-full size-full wp-image-881\" alt=\"\" srcset=\"https:\/\/tubadilek.com\/wp-content\/uploads\/2023\/05\/490b2704-2e21-4427-aa64-e4c33dcc2c62.jpg 1280w, https:\/\/tubadilek.com\/wp-content\/uploads\/2023\/05\/490b2704-2e21-4427-aa64-e4c33dcc2c62-300x169.jpg 300w, https:\/\/tubadilek.com\/wp-content\/uploads\/2023\/05\/490b2704-2e21-4427-aa64-e4c33dcc2c62-1024x576.jpg 1024w, https:\/\/tubadilek.com\/wp-content\/uploads\/2023\/05\/490b2704-2e21-4427-aa64-e4c33dcc2c62-768x432.jpg 768w\" sizes=\"auto, (max-width: 1280px) 100vw, 1280px\" \/>\t\t\t\t\t\t\t\t\t\t\t\t\t\t\t<\/div>\n\t\t\t\t<\/div>\n\t\t\t\t\t<\/div>\n\t\t<\/div>\n\t\t\t\t<div class=\"elementor-column elementor-col-50 elementor-top-column elementor-element elementor-element-3231eaf9\" data-id=\"3231eaf9\" data-element_type=\"column\" data-settings=\"{&quot;background_background&quot;:&quot;classic&quot;}\">\n\t\t\t<div class=\"elementor-widget-wrap elementor-element-populated\">\n\t\t\t\t\t<div class=\"elementor-background-overlay\"><\/div>\n\t\t\t\t\t\t\t\t<div class=\"elementor-element elementor-element-73d09500 elementor-widget elementor-widget-heading\" data-id=\"73d09500\" data-element_type=\"widget\" data-widget_type=\"heading.default\">\n\t\t\t\t<div class=\"elementor-widget-container\">\n\t\t\t<h3 class=\"elementor-heading-title elementor-size-default\">Online Dan\u0131\u015fmanl\u0131k Nedir?<\/h3>\t\t<\/div>\n\t\t\t\t<\/div>\n\t\t\t\t<div class=\"elementor-element elementor-element-79f89b33 elementor-widget elementor-widget-text-editor\" data-id=\"79f89b33\" data-element_type=\"widget\" data-widget_type=\"text-editor.default\">\n\t\t\t\t<div class=\"elementor-widget-container\">\n\t\t\t<style>\/*! elementor - v3.13.2 - 11-05-2023 *\/\n.elementor-widget-text-editor.elementor-drop-cap-view-stacked .elementor-drop-cap{background-color:#69727d;color:#fff}.elementor-widget-text-editor.elementor-drop-cap-view-framed .elementor-drop-cap{color:#69727d;border:3px solid;background-color:transparent}.elementor-widget-text-editor:not(.elementor-drop-cap-view-default) .elementor-drop-cap{margin-top:8px}.elementor-widget-text-editor:not(.elementor-drop-cap-view-default) .elementor-drop-cap-letter{width:1em;height:1em}.elementor-widget-text-editor .elementor-drop-cap{float:left;text-align:center;line-height:1;font-size:50px}.elementor-widget-text-editor .elementor-drop-cap-letter{display:inline-block}<\/style>\t\t\t\t<p>Online terapi, fiziksel olarak terapiye gitmenin m\u00fcmk\u00fcn olmad\u0131\u011f\u0131 durumlarda belli platformlar \u00fczerinden yap\u0131lan g\u00f6r\u00fcnt\u00fcl\u00fc terapi ve dan\u0131\u015fmanl\u0131k \u015feklidir. <br \/>G\u00fcn\u00fcm\u00fczde bu hizmeti genellikle Zoom, Skype, Facetime ve Whatsapp \u00fczerinden ger\u00e7ekle\u015ftirmekteyiz.<br \/>Online Terapi bu g\u00fcnlerde \u00e7ok s\u0131k tercih edilen bir y\u00f6ntem olsada asl\u0131nda daha \u00f6nceden de kulland\u0131\u011f\u0131m\u0131z bir y\u00f6ntemdi. Genelde \u015fehird\u0131\u015f\u0131nda oturan, evden \u00e7\u0131kmas\u0131na engel bir hastal\u0131\u011f\u0131 bulunan ki\u015filer online terapiyi tercih etmekteydi. G\u00fcn\u00fcm\u00fczde Koronavir\u00fcs\u00fcn ( Covid-19 ) t\u00fcm d\u00fcnyada etkili bir \u015fekilde salg\u0131n durumuna gelmesinden sonra insanlar\u0131n sa\u011fl\u0131\u011f\u0131 i\u00e7in bir \u00e7ok terapist online terapi y\u00f6ntemine d\u00f6nm\u00fc\u015ft\u00fcr. Toplum sa\u011fl\u0131klar\u0131 i\u00e7in bu ge\u00e7ici d\u00f6nemde tercih edilen bir y\u00f6ntem olmu\u015ftur.<\/p>\t\t\t\t\t\t<\/div>\n\t\t\t\t<\/div>\n\t\t\t\t\t<\/div>\n\t\t<\/div>\n\t\t\t\t\t\t\t<\/div>\n\t\t<\/section>\n\t\t\t\t<section class=\"elementor-section elementor-top-section elementor-element elementor-element-87c70ca elementor-section-content-middle elementor-section-boxed elementor-section-height-default elementor-section-height-default\" data-id=\"87c70ca\" data-element_type=\"section\">\n\t\t\t\t\t\t<div class=\"elementor-container elementor-column-gap-no\">\n\t\t\t\t\t<div class=\"elementor-column elementor-col-50 elementor-top-column elementor-element elementor-element-6a04982\" data-id=\"6a04982\" data-element_type=\"column\" data-settings=\"{&quot;background_background&quot;:&quot;classic&quot;}\">\n\t\t\t<div class=\"elementor-widget-wrap elementor-element-populated\">\n\t\t\t\t\t<div class=\"elementor-background-overlay\"><\/div>\n\t\t\t\t\t\t\t\t<div class=\"elementor-element elementor-element-a0be44c elementor-widget elementor-widget-heading\" data-id=\"a0be44c\" data-element_type=\"widget\" data-widget_type=\"heading.default\">\n\t\t\t\t<div class=\"elementor-widget-container\">\n\t\t\t<h3 class=\"elementor-heading-title elementor-size-default\">Online Terapi Nas\u0131l Yap\u0131l\u0131r?<\/h3>\t\t<\/div>\n\t\t\t\t<\/div>\n\t\t\t\t<div class=\"elementor-element elementor-element-8d8dd48 elementor-widget elementor-widget-text-editor\" data-id=\"8d8dd48\" data-element_type=\"widget\" data-widget_type=\"text-editor.default\">\n\t\t\t\t<div class=\"elementor-widget-container\">\n\t\t\t\t\t\t\t<p>Uzman ki\u015finin ofisine gelerek yap\u0131lan seanslarla online yap\u0131lan seanslar aras\u0131nda i\u00e7erik olarak asl\u0131nda bir fark yoktur. Hatta sosyal ileti\u015fim problemi ya\u015fayan ki\u015filer i\u00e7in online g\u00f6r\u00fc\u015fmek daha rahat gelebilir. Genelde d\u0131\u015fsal sebeplerden \u00f6t\u00fcr\u00fc online terapilerde ses, g\u00f6r\u00fcnt\u00fc ve internetin gitmesi durumu problem te\u015fkil edebilir. Onun haricinde \u015fu durumlara dikkat etmek gerekir:<\/p><p>*Kamera, ses sistemi ve internetin sorunsuz oldu\u011funa dikkat edilmeli.<br \/>*Seans\u0131n ger\u00e7ekle\u015fece\u011fi odan\u0131n sessiz ve kimsenin girip \u00e7\u0131kmad\u0131\u011f\u0131 bir oda olmas\u0131 gerekir.<br \/>*Yap\u0131lan seanslar hi\u00e7 bir \u015fekilde kay\u0131t alt\u0131na al\u0131nmamal\u0131, gizlilik ilkesi ihlal edilmemelidir.<br \/>*Y\u00fcz y\u00fcze yap\u0131lan seanslarda nas\u0131l yemek yemek, bir \u015feyle u\u011fra\u015fmak do\u011fru de\u011filse online terapide de ona uyulmal\u0131d\u0131r.<br \/>*Destek alaca\u011f\u0131n\u0131z uzman\u0131 mutlaka ara\u015ft\u0131rman\u0131z gerekir. Alanda Psikolog ya da Psikiyatris oldu\u011funu s\u00f6yleyen doland\u0131r\u0131c\u0131 bir \u00e7ok insanla kar\u015f\u0131la\u015fabilirsiniz.<br \/>*Online terapi de belli bir s\u00fcre dahilinde yap\u0131l\u0131r, size ayr\u0131lan zaman diliminde ekran ba\u015f\u0131nda olunmal\u0131 herhangi bir aksilik durumunda \u00f6nceden haber verilmelidir<\/p>\t\t\t\t\t\t<\/div>\n\t\t\t\t<\/div>\n\t\t\t\t\t<\/div>\n\t\t<\/div>\n\t\t\t\t<div class=\"elementor-column elementor-col-50 elementor-top-column elementor-element elementor-element-d120597 elementor-invisible\" data-id=\"d120597\" data-element_type=\"column\" data-settings=\"{&quot;animation&quot;:&quot;pulse&quot;}\">\n\t\t\t<div class=\"elementor-widget-wrap elementor-element-populated\">\n\t\t\t\t\t\t\t\t<div class=\"elementor-element elementor-element-afb56bf elementor-widget elementor-widget-image\" data-id=\"afb56bf\" data-element_type=\"widget\" data-widget_type=\"image.default\">\n\t\t\t\t<div class=\"elementor-widget-container\">\n\t\t\t\t\t\t\t\t\t\t\t\t\t\t\t<img loading=\"lazy\" decoding=\"async\" width=\"1181\" height=\"1280\" src=\"https:\/\/tubadilek.com\/wp-content\/uploads\/2023\/05\/485e3c67-fa9a-41ae-bd34-d71016c90688.jpg\" class=\"attachment-full size-full wp-image-882\" alt=\"\" srcset=\"https:\/\/tubadilek.com\/wp-content\/uploads\/2023\/05\/485e3c67-fa9a-41ae-bd34-d71016c90688.jpg 1181w, https:\/\/tubadilek.com\/wp-content\/uploads\/2023\/05\/485e3c67-fa9a-41ae-bd34-d71016c90688-277x300.jpg 277w, https:\/\/tubadilek.com\/wp-content\/uploads\/2023\/05\/485e3c67-fa9a-41ae-bd34-d71016c90688-945x1024.jpg 945w, https:\/\/tubadilek.com\/wp-content\/uploads\/2023\/05\/485e3c67-fa9a-41ae-bd34-d71016c90688-768x832.jpg 768w\" sizes=\"auto, (max-width: 1181px) 100vw, 1181px\" \/>\t\t\t\t\t\t\t\t\t\t\t\t\t\t\t<\/div>\n\t\t\t\t<\/div>\n\t\t\t\t\t<\/div>\n\t\t<\/div>\n\t\t\t\t\t\t\t<\/div>\n\t\t<\/section>\n\t\t\t\t\t\t\t<\/div>\n\t\t","protected":false},"excerpt":{"rendered":"<p>Online Dan\u0131\u015fmanl\u0131k Online Dan\u0131\u015fmanl\u0131k Nedir? Online terapi, fiziksel olarak terapiye gitmenin m\u00fcmk\u00fcn olmad\u0131\u011f\u0131 durumlarda belli platformlar \u00fczerinden yap\u0131lan g\u00f6r\u00fcnt\u00fcl\u00fc terapi ve dan\u0131\u015fmanl\u0131k \u015feklidir. G\u00fcn\u00fcm\u00fczde bu hizmeti genellikle Zoom, Skype, Facetime ve Whatsapp \u00fczerinden ger\u00e7ekle\u015ftirmekteyiz.Online Terapi bu g\u00fcnlerde \u00e7ok s\u0131k tercih edilen bir y\u00f6ntem olsada asl\u0131nda daha \u00f6nceden de kulland\u0131\u011f\u0131m\u0131z bir y\u00f6ntemdi. Genelde \u015fehird\u0131\u015f\u0131nda oturan, evden &hellip;<\/p>\n<p class=\"read-more\"> <a class=\"\" href=\"https:\/\/tubadilek.com\/index.php\/online-danismanlik\/\"> <span class=\"screen-reader-text\">online dan\u0131\u015fmanl\u0131k<\/span> Devam\u0131 &raquo;<\/a><\/p>\n","protected":false},"author":1,"featured_media":0,"parent":0,"menu_order":0,"comment_status":"closed","ping_status":"closed","template":"","meta":{"site-sidebar-layout":"no-sidebar","site-content-layout":"page-builder","ast-global-header-display":"","ast-banner-title-visibility":"","ast-main-header-display":"","ast-hfb-above-header-display":"","ast-hfb-below-header-display":"","ast-hfb-mobile-header-display":"","site-post-title":"disabled","ast-breadcrumbs-content":"","ast-featured-img":"disabled","footer-sml-layout":"","theme-transparent-header-meta":"","adv-header-id-meta":"","stick-header-meta":"","header-above-stick-meta":"","header-main-stick-meta":"","header-below-stick-meta":"","footnotes":""},"class_list":["post-687","page","type-page","status-publish","hentry"],"_links":{"self":[{"href":"https:\/\/tubadilek.com\/index.php\/wp-json\/wp\/v2\/pages\/687","targetHints":{"allow":["GET"]}}],"collection":[{"href":"https:\/\/tubadilek.com\/index.php\/wp-json\/wp\/v2\/pages"}],"about":[{"href":"https:\/\/tubadilek.com\/index.php\/wp-json\/wp\/v2\/types\/page"}],"author":[{"embeddable":true,"href":"https:\/\/tubadilek.com\/index.php\/wp-json\/wp\/v2\/users\/1"}],"replies":[{"embeddable":true,"href":"https:\/\/tubadilek.com\/index.php\/wp-json\/wp\/v2\/comments?post=687"}],"version-history":[{"count":16,"href":"https:\/\/tubadilek.com\/index.php\/wp-json\/wp\/v2\/pages\/687\/revisions"}],"predecessor-version":[{"id":960,"href":"https:\/\/tubadilek.com\/index.php\/wp-json\/wp\/v2\/pages\/687\/revisions\/960"}],"wp:attachment":[{"href":"https:\/\/tubadilek.com\/index.php\/wp-json\/wp\/v2\/media?parent=687"}],"curies":[{"name":"wp","href":"https:\/\/api.w.org\/{rel}","templated":true}]}}